{"id":35554,"date":"2025-01-30T12:45:55","date_gmt":"2025-01-30T12:45:55","guid":{"rendered":"http:\/\/www.agroida.com.tr\/?page_id=35554"},"modified":"2025-03-04T13:04:18","modified_gmt":"2025-03-04T13:04:18","slug":"ida-combi","status":"publish","type":"page","link":"https:\/\/www.agroida.com.tr\/index.php\/ida-combi\/","title":{"rendered":"\u0130da Combi"},"content":{"rendered":"<section class=\"wpb-content-wrapper\"><p>[vc_section full_width=&#8221;stretch_row&#8221; pix_over_visibility=&#8221;&#8221; bottom_divider_select=&#8221;dynamic&#8221; bottom_moving_divider_color=&#8221;%5B%7B%22d_color_1%22%3A%22%23f8f9fa%22%2C%22d_color_2%22%3A%22%23f8f9fa%22%7D%5D&#8221; responsive_css=&#8221;{&#8220;pix_res_sm_pt&#8220;:&#8220;20&#8220;,&#8220;pix_res_sm_pb&#8220;:&#8220;20&#8220;,&#8220;pix_res_md_pt&#8220;:&#8220;40&#8220;,&#8220;pix_res_md_pb&#8220;:&#8220;40&#8220;}&#8221; css=&#8221;.vc_custom_1741086666337{padding-bottom: 80px !important;background-color: #bab7b0 !important;}&#8221;][vc_row full_width=&#8221;stretch_row&#8221; pix_particles_check=&#8221;&#8221;][vc_column width=&#8221;1\/2&#8243; content_align=&#8221;text-center&#8221;]<div class=\"text-left \"><div><h6 class=\"pix-headline my-3  loading-bar text-heading-default font-weight-bold  secondary-font animate-in\" style=\"\" data-anim-type=\"fade-in\" data-anim-delay=\"0\" ><span>\u0130da Combi <\/span><span class=\"pix-words-wrapper is-last\"><span class=\"is-visible text-white\" >Sa\u011fl\u0131kl\u0131 bitki b\u00fcy\u00fcmesi ve geli\u015fmesi i\u00e7in gereklidir.<\/span> <span class=\"text-white\" >T\u00fcm \u00fcr\u00fcnlerle sorunsuz kar\u0131\u015f\u0131r.<\/span> <span class=\"text-white\" >Bitkilerinizin \u00e7e\u015fitli metabolizma faaliyetlerinde rol al\u0131r.<\/span> <span class=\"pix-bar bg-heading-default\" ><\/span><\/span><\/h6><\/div><\/div><div class=\"pix-element-div w-100 text-left\"><span class=\"pix-badge-element h6 d-inline-block mr-1 \"  ><span class=\"badge font-weight-bold badge-pill bg-white  vc_custom_1699193040773  \" style=\" \"><span class=\"text-heading-default\" style=\"\">Garanti Edilen i\u00e7erik (w\/w)<\/span><\/span><\/span><\/div><div id=\"el1697885679400-b52152ea-d7c2\" class=\"pix-el-text   w-100 text-left  vc_custom_1738242862177\" ><p class=\"text-left\"><div class=\"animate-in d-inline-block\" data-anim-delay=\"0\" data-anim-type=\"fade-in\"><p><span style=\"color: #ffffff;\">GARANT\u0130 ED\u0130LEN \u0130\u00c7ER\u0130K\u00a0 \u00a0 \u00a0 \u00a0 \u00a0 \u00a0 \u00a0 \u00a0 \u00a0 \u00a0 \u00a0 \u00a0 \u00a0 \u00a0 \u00a0 \u00a0 \u00a0 \u00a0 \u00a0 \u00a0 \u00a0 \u00a0 \u00a0 \u00a0 % w\/w\u00a0\u00a0\u00a0\u00a0\u00a0\u00a0\u00a0\u00a0\u00a0\u00a0\u00a0\u00a0\u00a0\u00a0\u00a0\u00a0\u00a0\u00a0\u00a0\u00a0\u00a0<\/span><\/p>\n<p><span style=\"color: #ffffff;\">Suda \u00c7\u00f6z\u00fcn\u00fcr Bor (B)\u00a0 \u00a0 \u00a0 \u00a0 \u00a0 \u00a0 \u00a0 \u00a0 \u00a0 \u00a0 \u00a0 \u00a0 \u00a0 \u00a0 \u00a0 \u00a0 \u00a0 \u00a0 \u00a0 \u00a0 \u00a0 \u00a0 \u00a0 \u00a0 \u00a0 \u00a0 \u00a0 \u00a0 \u00a0\u00a0% 1<\/span><br \/>\n<span style=\"color: #ffffff;\">Suda \u00c7\u00f6z\u00fcn\u00fcr Bak\u0131r (Cu)\u00a0 \u00a0 \u00a0 \u00a0 \u00a0 \u00a0 \u00a0 \u00a0 \u00a0 \u00a0 \u00a0 \u00a0 \u00a0 \u00a0 \u00a0 \u00a0 \u00a0 \u00a0 \u00a0 \u00a0 \u00a0 \u00a0 \u00a0 \u00a0 \u00a0 \u00a0\u00a0% 0,4<\/span><br \/>\n<span style=\"color: #ffffff;\">Suda \u00c7\u00f6z\u00fcn\u00fcr Demir (Fe)\u00a0 \u00a0 \u00a0 \u00a0 \u00a0 \u00a0 \u00a0 \u00a0 \u00a0 \u00a0 \u00a0 \u00a0 \u00a0 \u00a0 \u00a0 \u00a0 \u00a0 \u00a0 \u00a0 \u00a0 \u00a0 \u00a0 \u00a0 \u00a0 \u00a0 \u00a0% 2<\/span><br \/>\n<span style=\"color: #ffffff;\">Suda \u00c7\u00f6z\u00fcn\u00fcr Mangan (Mn)\u00a0 \u00a0 \u00a0 \u00a0 \u00a0 \u00a0 \u00a0 \u00a0 \u00a0 \u00a0 \u00a0 \u00a0 \u00a0 \u00a0 \u00a0 \u00a0 \u00a0 \u00a0 \u00a0 \u00a0 \u00a0 \u00a0 \u00a0\u00a0% 1<\/span><br \/>\n<span style=\"color: #ffffff;\">Suda \u00c7\u00f6z\u00fcn\u00fcr Molibden (Mo)\u00a0 \u00a0 \u00a0 \u00a0 \u00a0 \u00a0 \u00a0 \u00a0 \u00a0 \u00a0 \u00a0 \u00a0 \u00a0 \u00a0 \u00a0 \u00a0 \u00a0 \u00a0 \u00a0 \u00a0 \u00a0 \u00a0\u00a0% 0,02<\/span><br \/>\n<span style=\"color: #ffffff;\">Suda \u00c7\u00f6z\u00fcn\u00fcr \u00c7inko (Zn)\u00a0 \u00a0 \u00a0 \u00a0 \u00a0 \u00a0 \u00a0 \u00a0 \u00a0 \u00a0 \u00a0 \u00a0 \u00a0 \u00a0 \u00a0 \u00a0 \u00a0 \u00a0 \u00a0 \u00a0 \u00a0 \u00a0 \u00a0 \u00a0 \u00a0 \u00a0 \u00a0% 1,5<\/span><\/p>\n<\/div><\/div><div id=\"duo-icon-89602047\" class=\"pix-icon text-left \"><div class=\"mr-32 d-inline-block text-white animate-in\" data-anim-type=\"fade-in\" data-anim-delay=\"0\" style=\"width:54px;height:54px;position:relative;line-height:54px;text-align:center;\"><svg width=\"100%\" height=\"100%\" viewBox=\"0 0 24 24\" version=\"1.1\" xmlns=\"http:\/\/www.w3.org\/2000\/svg\" xmlns:xlink=\"http:\/\/www.w3.org\/1999\/xlink\"> <defs><\/defs> <g stroke=\"none\" stroke-width=\"1\" fill=\"none\" fill-rule=\"evenodd\"> <path d=\"M10.5,5 L19.5,5 C20.3284271,5 21,5.67157288 21,6.5 C21,7.32842712 20.3284271,8 19.5,8 L10.5,8 C9.67157288,8 9,7.32842712 9,6.5 C9,5.67157288 9.67157288,5 10.5,5 Z M10.5,10 L19.5,10 C20.3284271,10 21,10.6715729 21,11.5 C21,12.3284271 20.3284271,13 19.5,13 L10.5,13 C9.67157288,13 9,12.3284271 9,11.5 C9,10.6715729 9.67157288,10 10.5,10 Z M10.5,15 L19.5,15 C20.3284271,15 21,15.6715729 21,16.5 C21,17.3284271 20.3284271,18 19.5,18 L10.5,18 C9.67157288,18 9,17.3284271 9,16.5 C9,15.6715729 9.67157288,15 10.5,15 Z\" fill=\"#000000\"><\/path> <path d=\"M5.5,8 C4.67157288,8 4,7.32842712 4,6.5 C4,5.67157288 4.67157288,5 5.5,5 C6.32842712,5 7,5.67157288 7,6.5 C7,7.32842712 6.32842712,8 5.5,8 Z M5.5,13 C4.67157288,13 4,12.3284271 4,11.5 C4,10.6715729 4.67157288,10 5.5,10 C6.32842712,10 7,10.6715729 7,11.5 C7,12.3284271 6.32842712,13 5.5,13 Z M5.5,18 C4.67157288,18 4,17.3284271 4,16.5 C4,15.6715729 4.67157288,15 5.5,15 C6.32842712,15 7,15.6715729 7,16.5 C7,17.3284271 6.32842712,18 5.5,18 Z\" fill=\"#000000\" opacity=\"0.3\"><\/path> <\/g> <\/svg><\/div><\/div><a  href=\"https:\/\/www.agroida.com\/wp-content\/uploads\/2021\/10\/COMBI.pdf\" class=\"btn mb-2    vc_custom_1739265876331  btn-gray-1 d-block w-100   text-left    btn-normal\" target=\"_blank\" rel=\"noopener\"    ><i class=\"font-weight-bold pixicon-sleeve-level-up   mr-1\"><\/i> <span class=\"font-weight-bold \" >Tescil Belgesi<\/span><\/a><a  href=\"https:\/\/www.agroida.com.tr\/wp-content\/uploads\/2023\/09\/olivaetiket.pdf\" class=\"btn mb-2    vc_custom_1739265883189  btn-gray-1 d-block w-100   text-left    btn-normal\" target=\"_blank\" rel=\"noopener\"    ><i class=\"font-weight-bold pixicon-sleeve-level-up-1   mr-1\"><\/i> <span class=\"font-weight-bold \" >Etiket \u00d6rne\u011fi<\/span><\/a><a  href=\"https:\/\/www.agroida.com.tr\/wp-content\/uploads\/2023\/09\/KimyeviLisans_5020.pdf-adli-dosyanin-kopyasi.pdf\" class=\"btn mb-2    vc_custom_1739265895132  btn-gray-1 d-block w-100   text-left    btn-normal\" target=\"_blank\" rel=\"noopener\"    ><i class=\"font-weight-bold pixicon-sleeve-level-up-2   mr-1\"><\/i> <span class=\"font-weight-bold \" >\u00dcretim \u0130zin Belgesi<\/span><\/a>[\/vc_column][vc_column width=&#8221;1\/2&#8243;]<div class=\"pix-element-div w-100 text-center\"><span class=\"pix-badge-element h6 d-inline-block mr-1 \"  ><span class=\"badge font-weight-bold badge-pill bg-white  vc_custom_1699735464723  \" style=\" \"><span class=\"text-heading-default\" style=\"\">\u00dcretimin her alan\u0131nda<\/span><\/span><\/span><\/div><div id=\"pix-slider-169676858\" class=\"pix-main-slider pix-fix-x  pix-style-standard pix-fade-out-effect   pix-slider-1 pix-slider-dots  \" data-flickity='{\"autoPlay\":2500,\"freeScroll\":false,\"prevNextButtons\":false,\"wrapAround\":true,\"pageDots\":true,\"adaptiveHeight\":true,\"rightToLeft\":false,\"cellAlign\":\"center\",\"contain\":true,\"slider_effect\":\"pix-fade-out-effect\",\"pix_id\":\"#pix-slider-169676858\"}'><div class=\"carousel-cell\"><div class=\"slide-inner pix-p-5\"><div class=\"pix-slider-effects\"><div class=\"pix-fade \"><div class=\"animate-in d-inline-block\" data-anim-type=\"fade-in\" data-anim-delay=\"0\"><div class=\"tilt\"><div class=\" text-left w-100 d-inline-block rounded-10\"  ><img decoding=\"async\" class=\"card-img rounded-10 h-100\" src=\"https:\/\/www.agroida.com.tr\/wp-content\/uploads\/2025\/03\/Adsiz-tasarim-8.png\" alt=\"\" style=\"\"\/><\/div><\/div><\/div><\/div><\/div><\/div><\/div><div class=\"carousel-cell\"><div class=\"slide-inner pix-p-5\"><div class=\"pix-slider-effects\"><div class=\"pix-fade \"><div class=\"animate-in d-inline-block\" data-anim-type=\"fade-in\" data-anim-delay=\"0\"><div class=\"tilt\"><div class=\" text-left w-100 d-inline-block rounded-10\"  ><img decoding=\"async\" class=\"card-img rounded-10 h-100\" src=\"https:\/\/www.agroida.com.tr\/wp-content\/uploads\/2025\/02\/9.png\" alt=\"\" style=\"\"\/><\/div><\/div><\/div><\/div><\/div><\/div><\/div><div class=\"carousel-cell\"><div class=\"slide-inner pix-p-5\"><div class=\"pix-slider-effects\"><div class=\"pix-fade \"><div class=\"animate-in d-inline-block\" data-anim-type=\"fade-in\" data-anim-delay=\"0\"><div class=\"tilt\"><div class=\" text-left w-100 d-inline-block rounded-10\"  ><img decoding=\"async\" class=\"card-img rounded-10 h-100\" src=\"https:\/\/www.agroida.com.tr\/wp-content\/uploads\/2025\/02\/8.png\" alt=\"\" style=\"\"\/><\/div><\/div><\/div><\/div><\/div><\/div><\/div><div class=\"carousel-cell\"><div class=\"slide-inner pix-p-5\"><div class=\"pix-slider-effects\"><div class=\"pix-fade \"><div class=\"animate-in d-inline-block\" data-anim-type=\"fade-in\" data-anim-delay=\"0\"><div class=\"tilt\"><div class=\" text-left w-100 d-inline-block rounded-10\"  ><img decoding=\"async\" class=\"card-img rounded-10 h-100\" src=\"https:\/\/www.agroida.com.tr\/wp-content\/uploads\/2025\/02\/7.jpg\" alt=\"\" style=\"\"\/><\/div><\/div><\/div><\/div><\/div><\/div><\/div><\/div>[\/vc_column][\/vc_row][\/vc_section][vc_section full_width=&#8221;stretch_row&#8221; pix_over_visibility=&#8221;&#8221; responsive_css=&#8221;{&#8220;pix_res_sm_pt&#8220;:&#8220;20&#8220;,&#8220;pix_res_sm_pb&#8220;:&#8220;20&#8220;,&#8220;pix_res_md_pt&#8220;:&#8220;40&#8220;,&#8220;pix_res_md_pb&#8220;:&#8220;40&#8220;}&#8221; css=&#8221;.vc_custom_1648424086767{margin-top: 0px !important;padding-top: 0px !important;padding-bottom: 80px !important;}&#8221;][vc_row pix_particles_check=&#8221;&#8221;][vc_column]<div id=\"el1697747315322-c4ecbbbb-fa38\" class=\"pix-el-text   w-100 text-left \" ><p class=\"text-left\"><p><span style=\"color: #000000;\"><strong>S\u0131v\u0131 Mikro Besin Maddeleri Kar\u0131\u015f\u0131m\u0131<\/strong><\/span><\/p>\n<p><span style=\"color: #000000;\">Bor (B), Bak\u0131r (Cu-S\u00fclfat), Demir (Fe-S\u00fclfat), Mangan (Mn-S\u00fclfat), Molibden (Mo) ve \u00c7inko (Zn-S\u00fclfat)<\/span><\/p>\n<p><span style=\"color: #000000;\"><strong>Mikro Element Noksanl\u0131klar\u0131<\/strong><\/span><br \/>\n<span style=\"color: #000000;\">Mikro element noksanl\u0131k belirtileri bitkilerde kloroz, yapraklarda \u015fekil bozuklu\u011fu, lekeler veya kuruma \u015feklinde kendini belli eder. Bitki b\u00fcy\u00fcmesi ve geli\u015fimi yava\u015flar, verim ve kaliteyi olumsuz etkiler.<\/span><br \/>\n<span style=\"color: #000000;\"><strong>Mikro Elementlerin Bitkilerde G\u00f6revleri<\/strong><\/span><br \/>\n<span style=\"color: #000000;\">Sa\u011fl\u0131kl\u0131 bitki b\u00fcy\u00fcmesi ve geli\u015fmesi i\u00e7in gereklidirler. Bitkide \u00e7e\u015fitli metabolizma faaliyetlerinde rol al\u0131rlar.<\/span><\/p>\n<p>&nbsp;<\/p>\n<p>&nbsp;<\/p>\n<p><span style=\"color: #000000;\"><strong>\u0130da Combi <\/strong>1 LT , 5 LT ve 20 LT Ambalajlarda sat\u0131\u015fa sunulmu\u015ftur.<\/span><\/p>\n<\/p><\/div>[\/vc_column][\/vc_row][vc_row full_width=&#8221;stretch_row&#8221; pix_particles_check=&#8221;&#8221; css=&#8221;.vc_custom_1636752423917{padding-bottom: 60px !important;}&#8221;][vc_column width=&#8221;2\/3&#8243; css=&#8221;.vc_custom_1738591202303{background-color: #ffffff !important;}&#8221;]<div class=\"pix-element-div w-100 text-left\"><span class=\"pix-badge-element h4 d-inline-block mr-1 \"  ><span class=\"badge font-weight-bold badge-pill bg-primary  vc_custom_1739265931999  \" style=\" \"><span class=\"text-white\" style=\"\">\u0130da Combi Nas\u0131l Kullan\u0131l\u0131r ?<\/span><\/span><\/span><\/div><div id=\"el1698006506632-4cd11ec6-f988\" class=\"pix-el-text   w-100   vc_custom_1738591152303\" ><p class=\"\"><table width=\"749\">\n<tbody>\n<tr>\n<td width=\"312\"><span style=\"color: #000000;\"><strong>B\u0130TK\u0130 ADI<\/strong><\/span><\/td>\n<td width=\"189\"><span style=\"color: #000000;\"><strong>UYGULAMA D\u00d6NEM\u0130<\/strong><\/span><\/td>\n<td width=\"96\"><span style=\"color: #000000;\"><strong>TOPRAKTAN (Damlama sulama ile)<\/strong><\/span><\/td>\n<td width=\"151\"><span style=\"color: #000000;\"><strong>YAPRAKTAN UYGULAMA<\/strong><\/span><\/td>\n<\/tr>\n<tr>\n<td width=\"312\"><span style=\"color: #000000;\">SERA ve A\u00c7IK ALAN SEBZELER (Domates, Biber, H\u0131yar,\u00a0 Patl\u0131can, Fasulye, \u00e7ilek vb)<\/span><\/td>\n<td width=\"189\"><span style=\"color: #000000;\">Fideler \u015fa\u015f\u0131rt\u0131ld\u0131ktan bir hafta sonra ba\u015flayarak meyve olgunla\u015fana kadar 3-4 uygulama yap\u0131l\u0131r<\/span><\/td>\n<td width=\"96\">\n&nbsp;<\/p>\n<p><span style=\"color: #000000;\">1-2 lt \/ Da<\/span><\/td>\n<td width=\"151\">\n&nbsp;<\/p>\n<p><span style=\"color: #000000;\">100 Litre Suya 200\u2013250 ml<\/span><\/td>\n<\/tr>\n<tr>\n<td width=\"312\"><span style=\"color: #000000;\">YAPRA\u011eI YENEN KI\u015eLIK SEBZELER (K\u0131v\u0131rc\u0131k, Marul, Lahana, Ispanak vb)<\/span><\/td>\n<td width=\"189\"><span style=\"color: #000000;\">Vejatasyon s\u00fcresince 3-4 uygulama<\/span><\/td>\n<td width=\"96\">\n&nbsp;<\/p>\n<p><span style=\"color: #000000;\">1-2 lt \/ Da<\/span><\/td>\n<td width=\"151\"><span style=\"color: #000000;\">100 Litre Suya 200\u2013250 ml<\/span><\/td>\n<\/tr>\n<tr>\n<td width=\"312\"><span style=\"color: #000000;\">YUMRULU B\u0130TK\u0130LER (\u015eekerpancar\u0131, Patates, v.b) So\u011fan, Sar\u0131msak<\/span><\/td>\n<td width=\"189\">\n<span style=\"color: #000000;\">\u00c7apadan sonra bir uygulama<\/span><\/p>\n<p><span style=\"color: #000000;\">15-20 g\u00fcn sonra ikinci uygulama<\/span><\/td>\n<td width=\"96\"><span style=\"color: #000000;\">1-2 lt \/ Da<\/span><\/td>\n<td width=\"151\"><span style=\"color: #000000;\">100 Litre Suya 200\u2013250 ml<\/span><\/td>\n<\/tr>\n<tr>\n<td width=\"312\"><span style=\"color: #000000;\">Kavun, Karpuz, Kabak,<\/span><\/td>\n<td width=\"189\"><span style=\"color: #000000;\">Kol at\u0131m\u0131nda, meyve tutumunda 3-4 uygulama<\/span><\/td>\n<td width=\"96\"><span style=\"color: #000000;\">1-2 lt \/ Da<\/span><\/td>\n<td width=\"151\"><span style=\"color: #000000;\">100 Litre Suya 200\u2013250 ml<\/span><\/td>\n<\/tr>\n<tr>\n<td width=\"312\"><span style=\"color: #000000;\">T\u00dcM MEYVE A\u011eA\u00c7LARI (\u015eeftali, Kay\u0131s\u0131, Kiraz, Erik Elma, Armut, Ayva, Turun\u00e7giller, Zeytin, Ba\u011f, F\u0131nd\u0131k vb)<\/span><\/td>\n<td width=\"189\"><span style=\"color: #000000;\">Vejatasyon s\u00fcresince 3-4 uygulama<\/span><\/td>\n<td width=\"96\"><span style=\"color: #000000;\">2-2,5 lt \/ Da<\/span><\/td>\n<td width=\"151\"><span style=\"color: #000000;\">100 Litre Suya 250\u2013300 ml<\/span><\/td>\n<\/tr>\n<tr>\n<td width=\"312\"><span style=\"color: #000000;\">Avakado<\/span><\/td>\n<td width=\"189\"><span style=\"color: #000000;\">Vejatasyon s\u00fcresince 3-4 uygulama<\/span><\/td>\n<td width=\"96\"><span style=\"color: #000000;\">2-2,5 lt \/ Da<\/span><\/td>\n<td width=\"151\"><span style=\"color: #000000;\">100 Litre Suya 250\u2013300 ml<\/span><\/td>\n<\/tr>\n<tr>\n<td width=\"312\"><span style=\"color: #000000;\">Muz<\/span><\/td>\n<td width=\"189\"><span style=\"color: #000000;\">Fide dikiminden bir ay sonra ba\u015flayarak do\u011fuma kadar 3-4 uygulama<\/span><\/td>\n<td width=\"96\"><span style=\"color: #000000;\">1-2 lt \/ Da<\/span><\/td>\n<td width=\"151\"><span style=\"color: #000000;\">100 Litre Suya 250\u2013300 ml<\/span><\/td>\n<\/tr>\n<tr>\n<td width=\"312\"><span style=\"color: #000000;\">END\u00dcSTR\u0130 B\u0130TK\u0130LER\u0130 (Pamuk, Ay\u00e7i\u00e7e\u011fi vb)<\/span><\/td>\n<td width=\"189\"><span style=\"color: #000000;\">Bitki boyunun 15-20 cm oldu\u011fu d\u00f6nemden itibaren 2-3 uygulama<\/span><\/td>\n<td width=\"96\"><span style=\"color: #000000;\">1-2 lt \/ Da<\/span><\/td>\n<td width=\"151\"><span style=\"color: #000000;\">150-200 ml\/dekar<\/span><\/td>\n<\/tr>\n<tr>\n<td width=\"312\"><span style=\"color: #000000;\">T\u00dcM BAKLAG\u0130LLER (Nohut, Fasulye Mercimek, Soya vb)<\/span><\/td>\n<td width=\"189\"><span style=\"color: #000000;\">Geli\u015fme d\u00f6nemi boyunca 2-3 uygulama<\/span><\/td>\n<td width=\"96\"><span style=\"color: #000000;\">1-2 lt \/ Da<\/span><\/td>\n<td width=\"151\"><span style=\"color: #000000;\">150-200 ml\/dekar<\/span><\/td>\n<\/tr>\n<tr>\n<td width=\"312\"><span style=\"color: #000000;\">TAHILLAR (M\u0131s\u0131r, Bu\u011fday, Arpa, \u00c7eltik vb)<\/span><\/td>\n<td width=\"189\"><span style=\"color: #000000;\">Karde\u015flenme ve sapa kalkma d\u00f6neminde iki uygulama<\/span><\/td>\n<td width=\"96\"><span style=\"color: #000000;\">1-2 lt \/ Da<\/span><\/td>\n<td width=\"151\"><span style=\"color: #000000;\">150-200 ml\/dekar<\/span><\/td>\n<\/tr>\n<\/tbody>\n<\/table>\n<\/p><\/div>[\/vc_column][\/vc_row][\/vc_section][vc_row pix_particles_check=&#8221;&#8221; css=&#8221;.vc_custom_1698008913424{border-bottom-width: 20px !important;}&#8221;][vc_column]<div class=\"pix-element-div w-100 text-left\"><span class=\"pix-badge-element h5 d-inline-block mr-1 \"  ><span class=\"badge font-weight-bold badge-pill bg-primary  vc_custom_1738591177099  \" style=\" \"><span class=\"text-white\" style=\"\">Sizlerin memnuniyeti...<\/span><\/span><\/span><\/div>[\/vc_column][\/vc_row][vc_row pix_particles_check=&#8221;&#8221;][vc_column width=&#8221;1\/2&#8243;][vc_video link=&#8221;https:\/\/www.youtube.com\/watch?v=A3RI5qA_kAQ&#8221;][vc_video link=&#8221;https:\/\/www.youtube.com\/watch?v=Bf83q3neTho&#8221;][\/vc_column][vc_column width=&#8221;1\/2&#8243;][vc_video link=&#8221;https:\/\/www.youtube.com\/watch?v=EbnEG3lt_Mk&amp;t=19s&#8221;][vc_video link=&#8221;https:\/\/www.youtube.com\/watch?v=pyZYbIsWaK4&#8243;][\/vc_column][\/vc_row]<\/p>\n<\/section>","protected":false},"excerpt":{"rendered":"[vc_section full_width=&#8221;stretch_row&#8221; pix_over_visibility=&#8221;&#8221; bottom_divider_select=&#8221;dynamic&#8221; bottom_moving_divider_color=&#8221;%5B%7B%22d_color_1%22%3A%22%23f8f9fa%22%2C%22d_color_2%22%3A%22%23f8f9fa%22%7D%5D&#8221; responsive_css=&#8221;{&#8220;pix_res_sm_pt&#8220;:&#8220;20&#8220;,&#8220;pix_res_sm_pb&#8220;:&#8220;20&#8220;,&#8220;pix_res_md_pt&#8220;:&#8220;40&#8220;,&#8220;pix_res_md_pb&#8220;:&#8220;40&#8220;}&#8221; css=&#8221;.vc_custom_1741086666337{padding-bottom: 80px !important;background-color: #bab7b0 !important;}&#8221;][vc_row full_width=&#8221;stretch_row&#8221; pix_particles_check=&#8221;&#8221;][vc_column width=&#8221;1\/2&#8243; content_align=&#8221;text-center&#8221;][\/vc_column][vc_column width=&#8221;1\/2&#8243;][\/vc_column][\/vc_row][\/vc_section][vc_section full_width=&#8221;stretch_row&#8221; pix_over_visibility=&#8221;&#8221; responsive_css=&#8221;{&#8220;pix_res_sm_pt&#8220;:&#8220;20&#8220;,&#8220;pix_res_sm_pb&#8220;:&#8220;20&#8220;,&#8220;pix_res_md_pt&#8220;:&#8220;40&#8220;,&#8220;pix_res_md_pb&#8220;:&#8220;40&#8220;}&#8221; css=&#8221;.vc_custom_1648424086767{margin-top: 0px !important;padding-top: 0px !important;padding-bottom: 80px !important;}&#8221;][vc_row pix_particles_check=&#8221;&#8221;][vc_column][\/vc_column][\/vc_row][vc_row full_width=&#8221;stretch_row&#8221; pix_particles_check=&#8221;&#8221; css=&#8221;.vc_custom_1636752423917{padding-bottom: 60px !important;}&#8221;][vc_column width=&#8221;2\/3&#8243; css=&#8221;.vc_custom_1738591202303{background-color: #ffffff !important;}&#8221;][\/vc_column][\/vc_row][\/vc_section][vc_row pix_particles_check=&#8221;&#8221; css=&#8221;.vc_custom_1698008913424{border-bottom-width: 20px !important;}&#8221;][vc_column][\/vc_column][\/vc_row][vc_row&#8230;","protected":false},"author":1,"featured_media":0,"parent":0,"menu_order":0,"comment_status":"closed","ping_status":"closed","template":"","meta":{"footnotes":""},"class_list":["post-35554","page","type-page","status-publish","hentry"],"jetpack_sharing_enabled":true,"_links":{"self":[{"href":"https:\/\/www.agroida.com.tr\/index.php\/wp-json\/wp\/v2\/pages\/35554","targetHints":{"allow":["GET"]}}],"collection":[{"href":"https:\/\/www.agroida.com.tr\/index.php\/wp-json\/wp\/v2\/pages"}],"about":[{"href":"https:\/\/www.agroida.com.tr\/index.php\/wp-json\/wp\/v2\/types\/page"}],"author":[{"embeddable":true,"href":"https:\/\/www.agroida.com.tr\/index.php\/wp-json\/wp\/v2\/users\/1"}],"replies":[{"embeddable":true,"href":"https:\/\/www.agroida.com.tr\/index.php\/wp-json\/wp\/v2\/comments?post=35554"}],"version-history":[{"count":31,"href":"https:\/\/www.agroida.com.tr\/index.php\/wp-json\/wp\/v2\/pages\/35554\/revisions"}],"predecessor-version":[{"id":36641,"href":"https:\/\/www.agroida.com.tr\/index.php\/wp-json\/wp\/v2\/pages\/35554\/revisions\/36641"}],"wp:attachment":[{"href":"https:\/\/www.agroida.com.tr\/index.php\/wp-json\/wp\/v2\/media?parent=35554"}],"curies":[{"name":"wp","href":"https:\/\/api.w.org\/{rel}","templated":true}]}}