{"id":35742,"date":"2025-01-31T14:32:43","date_gmt":"2025-01-31T14:32:43","guid":{"rendered":"http:\/\/www.agroida.com.tr\/?page_id=35742"},"modified":"2025-03-04T11:32:05","modified_gmt":"2025-03-04T11:32:05","slug":"ida-peksu-sivi-humik-asit","status":"publish","type":"page","link":"https:\/\/www.agroida.com.tr\/index.php\/ida-peksu-sivi-humik-asit\/","title":{"rendered":"\u0130da Peksu (SIVI HUM\u0130K AS\u0130T)"},"content":{"rendered":"<section class=\"wpb-content-wrapper\"><p>[vc_section full_width=&#8221;stretch_row&#8221; pix_over_visibility=&#8221;&#8221; bottom_divider_select=&#8221;dynamic&#8221; bottom_moving_divider_color=&#8221;%5B%7B%22d_color_1%22%3A%22%23f8f9fa%22%2C%22d_color_2%22%3A%22%23f8f9fa%22%7D%5D&#8221; responsive_css=&#8221;{&#8220;pix_res_sm_pt&#8220;:&#8220;20&#8220;,&#8220;pix_res_sm_pb&#8220;:&#8220;20&#8220;,&#8220;pix_res_md_pt&#8220;:&#8220;40&#8220;,&#8220;pix_res_md_pb&#8220;:&#8220;40&#8220;}&#8221; css=&#8221;.vc_custom_1741087916340{padding-bottom: 80px !important;background-color: #cbdaec !important;}&#8221;][vc_row full_width=&#8221;stretch_row&#8221; pix_particles_check=&#8221;&#8221;][vc_column width=&#8221;1\/2&#8243; content_align=&#8221;text-center&#8221;]<div class=\"text-left \"><div><h6 class=\"pix-headline my-3  loading-bar text-heading-default font-weight-bold  secondary-font animate-in\" style=\"\" data-anim-type=\"fade-in\" data-anim-delay=\"0\" ><span>\u0130da Peksu <\/span><span class=\"pix-words-wrapper is-last\"><span class=\"is-visible text-white\" >T\u00fcm \u00fcr\u00fcnlerle sorunsuz kar\u0131\u015f\u0131r.<\/span> <span class=\"text-white\" >Yak\u0131c\u0131 de\u011fildir.<\/span> <span class=\"text-white\" >Topra\u011f\u0131n su tutma kapasitesini art\u0131r\u0131r.<\/span> <span class=\"pix-bar bg-heading-default\" ><\/span><\/span><\/h6><\/div><\/div><div class=\"text-left \"><div><h6 class=\"pix-headline my-3  loading-bar text-heading-default font-weight-bold  secondary-font animate-in\" style=\"\" data-anim-type=\"fade-in\" data-anim-delay=\"0\" ><span>\u0130da Peksu <\/span><span class=\"pix-words-wrapper is-last\"><span class=\"is-visible text-white\" >% 6 bak\u0131r s\u00fclfat i\u00e7erir<\/span> <span class=\"text-white\" >t\u00fcm \u00fcr\u00fcnlerle sorunsuz kar\u0131\u015f\u0131r<\/span> <span class=\"text-white\" >Yak\u0131c\u0131 de\u011fildir, \u00e7i\u00e7ek d\u00f6nemi dahil kullan\u0131l\u0131r<\/span> <span class=\"text-white\" >Bitkilerinizin bak\u0131r ihtiyac\u0131n\u0131 kar\u015f\u0131lar<\/span> <span class=\"pix-bar bg-heading-default\" ><\/span><\/span><\/h6><\/div><\/div><div class=\"pix-element-div w-100 text-left\"><span class=\"pix-badge-element h6 d-inline-block mr-1 \"  ><span class=\"badge font-weight-bold badge-pill bg-white  vc_custom_1699193040773  \" style=\" \"><span class=\"text-heading-default\" style=\"\">Garanti Edilen i\u00e7erik (w\/w)<\/span><\/span><\/span><\/div><div id=\"el1697885679400-b52152ea-d7c2\" class=\"pix-el-text   w-100 text-left  vc_custom_1738671027984\" ><p class=\"text-left\"><div class=\"animate-in d-inline-block\" data-anim-delay=\"0\" data-anim-type=\"fade-in\"><p><span style=\"color: #ffffff;\"><strong>Garanti Edilen \u0130\u00e7erik\u00a0\u00a0\u00a0\u00a0\u00a0\u00a0\u00a0\u00a0\u00a0\u00a0\u00a0\u00a0\u00a0\u00a0 \u00a0\u00a0\u00a0\u00a0\u00a0\u00a0\u00a0\u00a0% w\/w <\/strong><\/span><\/p>\n<p><span style=\"color: #ffffff;\">Organik Madde \u00a0\u00a0\u00a0\u00a0\u00a0\u00a0\u00a0\u00a0\u00a0\u00a0\u00a0\u00a0\u00a0\u00a0\u00a0\u00a0\u00a0\u00a0\u00a0\u00a0\u00a0\u00a0\u00a0\u00a0\u00a0\u00a0\u00a0\u00a0\u00a0 \u00a0\u00a0\u00a0\u00a0\u00a0\u00a0\u00a0\u00a0\u00a0\u00a0\u00a0\u00a010<\/span><\/p>\n<p><span style=\"color: #ffffff;\">Toplam Humik Asit +Fulvik Asit\u00a0 \u00a0 \u00a0 \u00a0 \u00a012<\/span><\/p>\n<p><span style=\"color: #ffffff;\">Suda \u00c7\u00f6z\u00fcn\u00fcr Potasyum Oksit (K2O).\u00a0 \u00a02,5<\/span><\/p>\n<p><span style=\"color: #ffffff;\">Ph\u00a0 \u00a0 \u00a0 \u00a0 \u00a0 \u00a0 \u00a0 \u00a0 \u00a0 \u00a0 \u00a0 \u00a0 \u00a0 \u00a0 \u00a0 \u00a0 \u00a0 \u00a0 \u00a0 \u00a0 \u00a0 \u00a0 \u00a0 \u00a0 \u00a0 \u00a0 \u00a0 \u00a0 \u00a0 \u00a0 \u00a0 \u00a0 \u00a0 \u00a0 \u00a0 \u00a0 \u00a0 \u00a0 \u00a0 9-11<\/span><\/p>\n<\/div><\/div><div id=\"duo-icon-90970752\" class=\"pix-icon text-left \"><div class=\"mr-32 d-inline-block text-primary animate-in\" data-anim-type=\"fade-in\" data-anim-delay=\"0\" style=\"width:54px;height:54px;position:relative;line-height:54px;text-align:center;\"><svg width=\"100%\" height=\"100%\" viewBox=\"0 0 24 24\" version=\"1.1\" xmlns=\"http:\/\/www.w3.org\/2000\/svg\" xmlns:xlink=\"http:\/\/www.w3.org\/1999\/xlink\"> <defs><\/defs> <g stroke=\"none\" stroke-width=\"1\" fill=\"none\" fill-rule=\"evenodd\"> <path d=\"M10.5,5 L19.5,5 C20.3284271,5 21,5.67157288 21,6.5 C21,7.32842712 20.3284271,8 19.5,8 L10.5,8 C9.67157288,8 9,7.32842712 9,6.5 C9,5.67157288 9.67157288,5 10.5,5 Z M10.5,10 L19.5,10 C20.3284271,10 21,10.6715729 21,11.5 C21,12.3284271 20.3284271,13 19.5,13 L10.5,13 C9.67157288,13 9,12.3284271 9,11.5 C9,10.6715729 9.67157288,10 10.5,10 Z M10.5,15 L19.5,15 C20.3284271,15 21,15.6715729 21,16.5 C21,17.3284271 20.3284271,18 19.5,18 L10.5,18 C9.67157288,18 9,17.3284271 9,16.5 C9,15.6715729 9.67157288,15 10.5,15 Z\" fill=\"#000000\"><\/path> <path d=\"M5.5,8 C4.67157288,8 4,7.32842712 4,6.5 C4,5.67157288 4.67157288,5 5.5,5 C6.32842712,5 7,5.67157288 7,6.5 C7,7.32842712 6.32842712,8 5.5,8 Z M5.5,13 C4.67157288,13 4,12.3284271 4,11.5 C4,10.6715729 4.67157288,10 5.5,10 C6.32842712,10 7,10.6715729 7,11.5 C7,12.3284271 6.32842712,13 5.5,13 Z M5.5,18 C4.67157288,18 4,17.3284271 4,16.5 C4,15.6715729 4.67157288,15 5.5,15 C6.32842712,15 7,15.6715729 7,16.5 C7,17.3284271 6.32842712,18 5.5,18 Z\" fill=\"#000000\" opacity=\"0.3\"><\/path> <\/g> <\/svg><\/div><\/div><a  href=\"https:\/\/drive.google.com\/drive\/folders\/177we4T8IHcXuOfwtTCqinLAK8F_K5tLL\" class=\"btn mb-2    vc_custom_1739279827168  btn-gray-1 d-block w-100   text-left    btn-normal\" target=\"_blank\" rel=\"noopener\"    ><i class=\"font-weight-bold pixicon-sleeve-level-up   mr-1\"><\/i> <span class=\"font-weight-bold \" >Tescil Belgesi<\/span><\/a><a  href=\"https:\/\/drive.google.com\/file\/d\/17iao3bf8yqASjQjd9jXBfCh-wWQfqAS3\/view\" class=\"btn mb-2    vc_custom_1739279800931  btn-gray-1 d-block w-100   text-left    btn-normal\" target=\"_blank\" rel=\"noopener\"    ><i class=\"font-weight-bold pixicon-sleeve-level-up-1   mr-1\"><\/i> <span class=\"font-weight-bold \" >Etiket \u00d6rne\u011fi<\/span><\/a><a  href=\"https:\/\/www.agroida.com.tr\/wp-content\/uploads\/2023\/09\/KimyeviLisans_5020.pdf-adli-dosyanin-kopyasi.pdf\" class=\"btn mb-2    vc_custom_1739265039683  btn-gray-1 d-block w-100   text-left    btn-normal\" target=\"_blank\" rel=\"noopener\"    ><i class=\"font-weight-bold pixicon-sleeve-level-up-2   mr-1\"><\/i> <span class=\"font-weight-bold \" >\u00dcretim \u0130zin Belgesi<\/span><\/a>[\/vc_column][vc_column width=&#8221;1\/2&#8243;]<div class=\"pix-element-div w-100 text-center\"><span class=\"pix-badge-element h6 d-inline-block mr-1 \"  ><span class=\"badge font-weight-bold badge-pill bg-white  vc_custom_1699735464723  \" style=\" \"><span class=\"text-heading-default\" style=\"\">\u00dcretimin her alan\u0131nda<\/span><\/span><\/span><\/div><div id=\"pix-slider-28540899\" class=\"pix-main-slider pix-fix-x  pix-style-standard pix-fade-out-effect   pix-slider-1 pix-slider-dots  \" data-flickity='{\"autoPlay\":2500,\"freeScroll\":false,\"prevNextButtons\":false,\"wrapAround\":true,\"pageDots\":true,\"adaptiveHeight\":true,\"rightToLeft\":false,\"cellAlign\":\"center\",\"contain\":true,\"slider_effect\":\"pix-fade-out-effect\",\"pix_id\":\"#pix-slider-28540899\"}'><div class=\"carousel-cell\"><div class=\"slide-inner pix-p-5\"><div class=\"pix-slider-effects\"><div class=\"pix-fade \"><div class=\"animate-in d-inline-block\" data-anim-type=\"fade-in\" data-anim-delay=\"0\"><div class=\"tilt\"><div class=\" text-left w-100 d-inline-block rounded-xl\"  ><img decoding=\"async\" class=\"card-img rounded-xl h-100\" src=\"https:\/\/www.agroida.com.tr\/wp-content\/uploads\/2025\/02\/19.jpg\" alt=\"\" style=\"\"\/><\/div><\/div><\/div><\/div><\/div><\/div><\/div><div class=\"carousel-cell\"><div class=\"slide-inner pix-p-5\"><div class=\"pix-slider-effects\"><div class=\"pix-fade \"><div class=\"animate-in d-inline-block\" data-anim-type=\"fade-in\" data-anim-delay=\"0\"><div class=\"tilt\"><div class=\" text-left w-100 d-inline-block rounded-xl\"  ><img decoding=\"async\" class=\"card-img rounded-xl h-100\" src=\"https:\/\/www.agroida.com.tr\/wp-content\/uploads\/2025\/02\/URUNLER-ICIN-TANITIM-TASARIMLARI.png\" alt=\"\" style=\"\"\/><\/div><\/div><\/div><\/div><\/div><\/div><\/div><\/div>[\/vc_column][\/vc_row][\/vc_section][vc_section full_width=&#8221;stretch_row&#8221; pix_over_visibility=&#8221;&#8221; responsive_css=&#8221;{&#8220;pix_res_sm_pt&#8220;:&#8220;20&#8220;,&#8220;pix_res_sm_pb&#8220;:&#8220;20&#8220;,&#8220;pix_res_md_pt&#8220;:&#8220;40&#8220;,&#8220;pix_res_md_pb&#8220;:&#8220;40&#8220;}&#8221; css=&#8221;.vc_custom_1648424086767{margin-top: 0px !important;padding-top: 0px !important;padding-bottom: 80px !important;}&#8221;][vc_row pix_particles_check=&#8221;&#8221;][vc_column]<div id=\"el1697747315322-c4ecbbbb-fa38\" class=\"pix-el-text   w-100 text-left \" ><p class=\"text-left\"><h3><span style=\"color: #000000;\"><strong>\u0130da Peksu; <\/strong><\/span><\/h3>\n<h6><span style=\"color: #000000;\">Do\u011fada bulunan minerallerin \u00f6zenle i\u015flenmesiyle \u00fcretilen bir \u00fcr\u00fcnd\u00fcr, Toprak ve bitki \u00a0iyile\u015ftirmede oynad\u0131\u011f\u0131 aktif rol bir \u00e7ok bilimsel dayana\u011fa konu olmu\u015ftur. Topraklar\u0131m\u0131z\u0131n Fiziksel, Kimyasal ve biyolojik yap\u0131s\u0131nda sa\u011flad\u0131\u011f\u0131 faylar ise ;<\/span><\/h6>\n<p><span style=\"color: #000000;\"><strong><u>Fiziksel olarak:<\/u><\/strong><\/span><\/p>\n<ul>\n<li><span style=\"color: #000000;\">Topra\u011f\u0131n su tutma kapasitesini art\u0131r\u0131r.<\/span><\/li>\n<li><span style=\"color: #000000;\">Topra\u011f\u0131n havalanmas\u0131n\u0131 sa\u011flar.<\/span><\/li>\n<li><span style=\"color: #000000;\">Topra\u011f\u0131n i\u015flenebilirli\u011fini art\u0131r\u0131r<\/span><\/li>\n<li><span style=\"color: #000000;\">Kurakl\u0131\u011fa kar\u015f\u0131 mukavemet sa\u011flar.<\/span><\/li>\n<li><span style=\"color: #000000;\">Topra\u011f\u0131 k\u0131r\u0131nt\u0131l\u0131 yapar. Toprak erozyonunu azalt\u0131r.<\/span><\/li>\n<\/ul>\n<p><span style=\"color: #000000;\"><strong><u>Kimyasal olarak:<\/u><\/strong><\/span><\/p>\n<ul>\n<li><span style=\"color: #000000;\">Suda \u00e7\u00f6z\u00fclebilen inorganik g\u00fcbreleri k\u00f6k b\u00f6lgesinde tutar ve onlar\u0131 bitkilere ihtiya\u00e7 duyuldu\u011fu zaman serbest b\u0131rak\u0131r.<\/span><\/li>\n<li><span style=\"color: #000000;\">Bitki besin elementlerini bitkilerin\u00a0alabilece\u011fi formda ge\u00e7irir.<\/span><\/li>\n<li><span style=\"color: #000000;\">Y\u00fcksek iyon de\u011fi\u015fim kapasitesine sahiptir.<\/span><\/li>\n<li><span style=\"color: #000000;\">Kayalar\u0131n ve minerallerin bozulmas\u0131nda katk\u0131 sa\u011flar.<\/span><\/li>\n<li><span style=\"color: #000000;\">Topra\u011f\u0131n tamponlama (pH dengesini ) art\u0131r\u0131r.<\/span><\/li>\n<li><span style=\"color: #000000;\">Alkali \u015fartlarda iyonlar\u0131n\u0131 \u015felatlar.<\/span><\/li>\n<li><span style=\"color: #000000;\">Bitki geli\u015fimi i\u00e7in gerekli olan hem organik\u00a0hem de inorganik maddece zengindir.<\/span><\/li>\n<\/ul>\n<p><span style=\"color: #000000;\"><strong><u>Biyolojik Olarak:<\/u><\/strong><\/span><\/p>\n<ul>\n<li><span style=\"color: #000000;\">H\u00fccre b\u00f6l\u00fcnmesini ivmelendirerek bitki geli\u015fimini h\u0131zland\u0131r\u0131r.<\/span><\/li>\n<li><span style=\"color: #000000;\">K\u00f6k sistemindeki geli\u015fim oran\u0131n\u0131 ve kuru madde verimini art\u0131r\u0131r.<\/span><\/li>\n<li><span style=\"color: #000000;\">Tohumun \u00e7imlenmesini h\u0131zland\u0131r\u0131r.<\/span><\/li>\n<li><span style=\"color: #000000;\">Bitkilerin vitamin i\u00e7eri\u011fini \u00e7o\u011falt\u0131r.<\/span><\/li>\n<li><span style=\"color: #000000;\">Bitki zarlar\u0131n\u0131n ge\u00e7irgenli\u011fini art\u0131r\u0131r; bitki besin elementlerinin yapraktan al\u0131m\u0131n\u0131 kolayla\u015ft\u0131r\u0131r.<\/span><\/li>\n<li><span style=\"color: #000000;\">K\u00f6k geli\u015fimini \u00f6zellikle boylamas\u0131na sa\u011flar.<\/span><\/li>\n<li><span style=\"color: #000000;\">K\u00f6k\u00fcn hava almas\u0131n\u0131 sa\u011flar.<\/span><\/li>\n<li><span style=\"color: #000000;\">Yosun ve mayalar gibi arzu edilen toprak mikro-organizmalar\u0131n\u0131n ya\u015famas\u0131n\u0131 ve geli\u015fmesini sa\u011flar.<\/span><\/li>\n<li><span style=\"color: #000000;\">Fotosenteze yard\u0131m eder.<\/span><\/li>\n<\/ul>\n<\/p><\/div><div id=\"el1698006240328-e7a657c9-b805\" class=\"pix-el-text   w-100   vc_custom_1739264334032\" ><p class=\"\"><\/p><\/div>[\/vc_column][\/vc_row][vc_row full_width=&#8221;stretch_row&#8221; pix_particles_check=&#8221;&#8221; css=&#8221;.vc_custom_1636752423917{padding-bottom: 60px !important;}&#8221;][vc_column width=&#8221;2\/3&#8243;]<div class=\"pix-element-div w-100 text-left\"><span class=\"pix-badge-element h4 d-inline-block mr-1 \"  ><span class=\"badge font-weight-bold badge-pill bg-primary  vc_custom_1738671102858  \" style=\" \"><span class=\"text-white\" style=\"\">\u0130da Peksu Nas\u0131l Kullan\u0131l\u0131r ?<\/span><\/span><\/span><\/div><div id=\"el1698006506632-4cd11ec6-f988\" class=\"pix-el-text   w-100   vc_custom_1738678027788\" ><p class=\"\"><p><span style=\"color: #000000;\"><strong>\u00a0<\/strong><\/span><\/p>\n<table width=\"702\">\n<tbody>\n<tr>\n<td width=\"176\"><span style=\"color: #000000;\"><strong>\u00dcR\u00dcN \u00c7E\u015e\u0130D\u0130 <\/strong><\/span><\/td>\n<td width=\"176\"><span style=\"color: #000000;\"><strong>UYGULAMA ZAMANI <\/strong><\/span><\/td>\n<td width=\"176\">\n<span style=\"color: #000000;\"><strong>YAPRAKTAN UYGULAMA <\/strong><\/span><\/p>\n<p><span style=\"color: #000000;\">100 L suya<\/span><\/td>\n<td width=\"176\"><span style=\"color: #000000;\"><strong>TOPRAKTAN UYGULAMA <\/strong><\/span><\/td>\n<\/tr>\n<tr>\n<td width=\"176\"><span style=\"color: #000000;\">Sera Bitkileri<\/span><\/td>\n<td width=\"176\"><span style=\"color: #000000;\">Vejetasyon s\u00fcresince 3-4 g\u00fcnde<\/span><\/td>\n<td width=\"176\"><span style=\"color: #000000;\">250-300 ml<\/span><\/td>\n<td width=\"176\"><span style=\"color: #000000;\">2-3 L \/da<\/span><\/td>\n<\/tr>\n<tr>\n<td width=\"176\"><span style=\"color: #000000;\">Meyve A\u011fa\u00e7lar\u0131<\/span><\/td>\n<td width=\"176\"><span style=\"color: #000000;\">Geli\u015fim d\u00f6nemi boyunca 15 g\u00fcnde bir<\/span><\/td>\n<td width=\"176\"><span style=\"color: #000000;\">400-450 ml<\/span><\/td>\n<td width=\"176\"><span style=\"color: #000000;\">5-6 L \/da<\/span><\/td>\n<\/tr>\n<tr>\n<td width=\"176\"><span style=\"color: #000000;\">Ba\u011f<\/span><\/td>\n<td width=\"176\"><span style=\"color: #000000;\">S\u00fcrg\u00fcnlerin kol atmaya ba\u015flamas\u0131ndan itibaren geli\u015fim d\u00f6nemi boyunca 10-15 g\u00fcn ara ile<\/span><\/td>\n<td width=\"176\"><span style=\"color: #000000;\">250-300 ml<\/span><\/td>\n<td width=\"176\"><span style=\"color: #000000;\">2-3 L \/da<\/span><\/td>\n<\/tr>\n<tr>\n<td width=\"176\"><span style=\"color: #000000;\">Zeytin<\/span><\/td>\n<td width=\"176\"><span style=\"color: #000000;\">Geli\u015fim d\u00f6nemi boyunca 10-15 g\u00fcn ara ile<\/span><\/td>\n<td width=\"176\"><span style=\"color: #000000;\">300 -350 ml<\/span><\/td>\n<td width=\"176\"><span style=\"color: #000000;\">5-6 L \/da<\/span><\/td>\n<\/tr>\n<tr>\n<td width=\"176\"><span style=\"color: #000000;\">A\u00e7\u0131k Alan Sebze<\/span><\/td>\n<td width=\"176\"><span style=\"color: #000000;\">Vejetasyon s\u00fcresince 3-4 g\u00fcnde<\/span><\/td>\n<td width=\"176\"><span style=\"color: #000000;\">250-300 ml<\/span><\/td>\n<td width=\"176\"><span style=\"color: #000000;\">2-3 L \/da<\/span><\/td>\n<\/tr>\n<tr>\n<td width=\"176\"><span style=\"color: #000000;\">\u015eeker Pancar\u0131, Patates, Havu\u00e7,Ay\u00e7i\u00e7e\u011fi, Pamuk.<\/span><\/td>\n<td width=\"176\"><span style=\"color: #000000;\">Bitkiler 4-5 yaprakl\u0131 iken ba\u015flayarak, geli\u015fme d\u00f6nemi boyunca 10-15 g\u00fcn ara ile<\/span><\/td>\n<td width=\"176\"><span style=\"color: #000000;\">300 -350 ml<\/span><\/td>\n<td width=\"176\"><span style=\"color: #000000;\">4-5 L\/da<\/span><\/td>\n<\/tr>\n<tr>\n<td width=\"176\"><span style=\"color: #000000;\">Baklagiller<\/span><\/td>\n<td width=\"176\"><span style=\"color: #000000;\">\u0130lk \u00c7apadan itibaren 3 uygulama<\/span><\/td>\n<td width=\"176\"><span style=\"color: #000000;\">400-450 ml<\/span><\/td>\n<td width=\"176\"><span style=\"color: #000000;\">4-5 L\/da<\/span><\/td>\n<\/tr>\n<tr>\n<td width=\"176\"><span style=\"color: #000000;\">Hububat, M\u0131s\u0131r<\/span><\/td>\n<td width=\"176\"><span style=\"color: #000000;\">Karde\u015flenme d\u00f6neminde<\/span><\/td>\n<td width=\"176\"><span style=\"color: #000000;\">300 -350 ml<\/span><\/td>\n<td width=\"176\"><span style=\"color: #000000;\">4-5 L \/da<\/span><\/td>\n<\/tr>\n<\/tbody>\n<\/table>\n<\/p><\/div>[\/vc_column][\/vc_row][\/vc_section][vc_row pix_particles_check=&#8221;&#8221; css=&#8221;.vc_custom_1698008913424{border-bottom-width: 20px !important;}&#8221;][vc_column]<div class=\"pix-element-div w-100 text-left\"><span class=\"pix-badge-element h4 d-inline-block mr-1 \"  ><span class=\"badge font-weight-bold badge-pill bg-primary  vc_custom_1738671125450  \" style=\" \"><span class=\"text-white\" style=\"\">Sizlerin memnuniyeti...<\/span><\/span><\/span><\/div>[\/vc_column][\/vc_row][vc_row pix_particles_check=&#8221;&#8221;][vc_column width=&#8221;1\/2&#8243;][vc_video link=&#8221;https:\/\/www.youtube.com\/watch?v=A3RI5qA_kAQ&#8221;][vc_video link=&#8221;https:\/\/www.youtube.com\/watch?v=Bf83q3neTho&#8221;][\/vc_column][vc_column width=&#8221;1\/2&#8243;][vc_video link=&#8221;https:\/\/www.youtube.com\/watch?v=EbnEG3lt_Mk&amp;t=19s&#8221;][vc_video link=&#8221;https:\/\/www.youtube.com\/watch?v=pyZYbIsWaK4&#8243;][\/vc_column][\/vc_row]<\/p>\n<\/section>","protected":false},"excerpt":{"rendered":"[vc_section full_width=&#8221;stretch_row&#8221; pix_over_visibility=&#8221;&#8221; bottom_divider_select=&#8221;dynamic&#8221; bottom_moving_divider_color=&#8221;%5B%7B%22d_color_1%22%3A%22%23f8f9fa%22%2C%22d_color_2%22%3A%22%23f8f9fa%22%7D%5D&#8221; responsive_css=&#8221;{&#8220;pix_res_sm_pt&#8220;:&#8220;20&#8220;,&#8220;pix_res_sm_pb&#8220;:&#8220;20&#8220;,&#8220;pix_res_md_pt&#8220;:&#8220;40&#8220;,&#8220;pix_res_md_pb&#8220;:&#8220;40&#8220;}&#8221; css=&#8221;.vc_custom_1741087916340{padding-bottom: 80px !important;background-color: #cbdaec !important;}&#8221;][vc_row full_width=&#8221;stretch_row&#8221; pix_particles_check=&#8221;&#8221;][vc_column width=&#8221;1\/2&#8243; content_align=&#8221;text-center&#8221;][\/vc_column][vc_column width=&#8221;1\/2&#8243;][\/vc_column][\/vc_row][\/vc_section][vc_section full_width=&#8221;stretch_row&#8221; pix_over_visibility=&#8221;&#8221; responsive_css=&#8221;{&#8220;pix_res_sm_pt&#8220;:&#8220;20&#8220;,&#8220;pix_res_sm_pb&#8220;:&#8220;20&#8220;,&#8220;pix_res_md_pt&#8220;:&#8220;40&#8220;,&#8220;pix_res_md_pb&#8220;:&#8220;40&#8220;}&#8221; css=&#8221;.vc_custom_1648424086767{margin-top: 0px !important;padding-top: 0px !important;padding-bottom: 80px !important;}&#8221;][vc_row pix_particles_check=&#8221;&#8221;][vc_column][\/vc_column][\/vc_row][vc_row full_width=&#8221;stretch_row&#8221; pix_particles_check=&#8221;&#8221; css=&#8221;.vc_custom_1636752423917{padding-bottom: 60px !important;}&#8221;][vc_column width=&#8221;2\/3&#8243;][\/vc_column][\/vc_row][\/vc_section][vc_row pix_particles_check=&#8221;&#8221; css=&#8221;.vc_custom_1698008913424{border-bottom-width: 20px !important;}&#8221;][vc_column][\/vc_column][\/vc_row][vc_row pix_particles_check=&#8221;&#8221;][vc_column width=&#8221;1\/2&#8243;][vc_video link=&#8221;https:\/\/www.youtube.com\/watch?v=A3RI5qA_kAQ&#8221;][vc_video&#8230;","protected":false},"author":1,"featured_media":0,"parent":0,"menu_order":0,"comment_status":"closed","ping_status":"closed","template":"","meta":{"footnotes":""},"class_list":["post-35742","page","type-page","status-publish","hentry"],"jetpack_sharing_enabled":true,"_links":{"self":[{"href":"https:\/\/www.agroida.com.tr\/index.php\/wp-json\/wp\/v2\/pages\/35742","targetHints":{"allow":["GET"]}}],"collection":[{"href":"https:\/\/www.agroida.com.tr\/index.php\/wp-json\/wp\/v2\/pages"}],"about":[{"href":"https:\/\/www.agroida.com.tr\/index.php\/wp-json\/wp\/v2\/types\/page"}],"author":[{"embeddable":true,"href":"https:\/\/www.agroida.com.tr\/index.php\/wp-json\/wp\/v2\/users\/1"}],"replies":[{"embeddable":true,"href":"https:\/\/www.agroida.com.tr\/index.php\/wp-json\/wp\/v2\/comments?post=35742"}],"version-history":[{"count":15,"href":"https:\/\/www.agroida.com.tr\/index.php\/wp-json\/wp\/v2\/pages\/35742\/revisions"}],"predecessor-version":[{"id":36603,"href":"https:\/\/www.agroida.com.tr\/index.php\/wp-json\/wp\/v2\/pages\/35742\/revisions\/36603"}],"wp:attachment":[{"href":"https:\/\/www.agroida.com.tr\/index.php\/wp-json\/wp\/v2\/media?parent=35742"}],"curies":[{"name":"wp","href":"https:\/\/api.w.org\/{rel}","templated":true}]}}