{"id":4426,"date":"2021-11-22T02:10:44","date_gmt":"2021-11-22T02:10:44","guid":{"rendered":"https:\/\/essentials.pixfort.com\/consulting\/?page_id=3840"},"modified":"2025-02-14T06:40:10","modified_gmt":"2025-02-14T06:40:10","slug":"contact-us","status":"publish","type":"page","link":"https:\/\/www.agroida.com.tr\/index.php\/contact-us\/","title":{"rendered":"\u0130leti\u015fim"},"content":{"rendered":"<section class=\"wpb-content-wrapper\"><p>[vc_section full_width=&#8221;stretch_row&#8221; pix_over_visibility=&#8221;&#8221; responsive_css=&#8221;{&#8220;pix_res_sm_pt&#8220;:&#8220;20&#8220;,&#8220;pix_res_sm_pb&#8220;:&#8220;20&#8220;,&#8220;pix_res_md_pt&#8220;:&#8220;30&#8220;,&#8220;pix_res_md_pb&#8220;:&#8220;30&#8220;}&#8221; css=&#8221;.vc_custom_1648590772494{padding-top: 60px !important;padding-bottom: 60px !important;}&#8221;][vc_row full_width=&#8221;stretch_row&#8221; pix_particles_check=&#8221;&#8221;][vc_column css=&#8221;.vc_custom_1651694932657{padding-top: 10px !important;}&#8221;]<div id=\"el1644535566135-370be504-9808\" class=\"mb-3 text-center  vc_custom_1739274318426\"><div class=\"d-inline-block\" style=\"max-width:500px;\"><h2 class=\"mb-32 pix-sliding-headline-2 animate-in font-weight-bold secondary-font \" data-anim-type=\"pix-sliding-text\" pix-anim-delay=\"500\" data-class=\"secondary-font text-heading-default\" style=\"\"><span class=\"slide-in-container \"><span class=\"pix-sliding-item secondary-font text-heading-default\" style=\"transition-delay: 0ms;transition-duration: 500ms;\">Bize&#32;<\/span><\/span> <span class=\"slide-in-container \"><span class=\"pix-sliding-item secondary-font text-heading-default\" style=\"transition-delay: 50ms;transition-duration: 500ms;\">Ula\u015f\u0131n.&#32;<\/span><\/span> <\/h2><\/div><\/div><div class=\"pix-el-text w-100 text-center \" ><div class=\"d-inline-block\" style=\"max-width:600px;\"><p class=\"text-18  text-body-default text-center \" ><span class=\"text-body-default animate-in d-inline-block\" data-anim-delay=\"200\" data-anim-type=\"fade-in-up\">Detayl\u0131 bilgi almak ve ziraat m\u00fchendislerimizin sizi aramas\u0131 i\u00e7in formu doldurabilirsiniz.<\/span><\/p><\/div><\/div>[\/vc_column][\/vc_row][vc_row equal_height=&#8221;yes&#8221; content_placement=&#8221;middle&#8221; pix_particles_check=&#8221;&#8221; css=&#8221;.vc_custom_1636752698230{padding-top: 40px !important;}&#8221;][vc_column css=&#8221;.vc_custom_1646264566353{padding-top: 15px !important;padding-bottom: 15px !important;}&#8221; offset=&#8221;vc_col-lg-3 vc_col-md-6&#8243;]<div  class=\"pix-heading-el text-left  vc_custom_1739274338480\"><div><div class=\"slide-in-container2\"><h5 class=\"text-heading-default font-weight-bold animate-in heading-text el-title_custom_color mb-12\" style=\"\" data-anim-type=\"fade-in-up\" data-anim-delay=\"200\">Adres<\/h5><\/div><\/div><\/div><div class=\"pix-el-text w-100   vc_custom_1739515125260\" ><div class=\"d-inline-block\" style=\"max-width:350px;\"><p class=\"text-18 m-0 text-body-default  \" ><span class=\"text-body-default animate-in d-inline-block\" data-anim-delay=\"300\" data-anim-type=\"fade-in-up\">Testici K\u0131r\u0131 mevki \u00c7an yolu caddesi no 23 I\u015f\u0131klar \/ Merkez \/ \u00c7anakkale<\/span><\/p><\/div><\/div><div id=\"duo-icon-86678443\" class=\"slide-in-container w-100   vc_custom_1739274502151\" ><div class=\"py-2 animate-in\" data-anim-type=\"fade-in-up\" data-anim-delay=\"0\"><div class=\"pix-feature-list text-18 justify-content-start font-weight-bold  secondary-font   py-2 d-flex align-items-center\" ><div class=\"pix-mr-10 text-primary\" style=\"width:1.5em;min-width:1.5em;height:1.5em;min-width:1.5em;position:relative;line-height:1em;text-align:center;\"><svg width=\"100%\" height=\"100%\" viewBox=\"0 0 24 24\" version=\"1.1\" xmlns=\"http:\/\/www.w3.org\/2000\/svg\" xmlns:xlink=\"http:\/\/www.w3.org\/1999\/xlink\"> <defs><\/defs> <g stroke=\"none\" stroke-width=\"1\" fill=\"none\" fill-rule=\"evenodd\"> <path d=\"M7.14319965,19.3575259 C7.67122143,19.7615175 8.25104409,20.1012165 8.87097532,20.3649307 L7.89205065,22.0604779 C7.61590828,22.5387706 7.00431787,22.7026457 6.52602525,22.4265033 C6.04773263,22.150361 5.88385747,21.5387706 6.15999985,21.0604779 L7.14319965,19.3575259 Z M15.1367085,20.3616573 C15.756345,20.0972995 16.3358198,19.7569961 16.8634386,19.3524415 L17.8320512,21.0301278 C18.1081936,21.5084204 17.9443184,22.1200108 17.4660258,22.3961532 C16.9877332,22.6722956 16.3761428,22.5084204 16.1000004,22.0301278 L15.1367085,20.3616573 Z\" fill=\"#000000\"><\/path> <path d=\"M12,21 C7.581722,21 4,17.418278 4,13 C4,8.581722 7.581722,5 12,5 C16.418278,5 20,8.581722 20,13 C20,17.418278 16.418278,21 12,21 Z M19.068812,3.25407593 L20.8181344,5.00339833 C21.4039208,5.58918477 21.4039208,6.53893224 20.8181344,7.12471868 C20.2323479,7.71050512 19.2826005,7.71050512 18.696814,7.12471868 L16.9474916,5.37539627 C16.3617052,4.78960984 16.3617052,3.83986237 16.9474916,3.25407593 C17.5332781,2.66828949 18.4830255,2.66828949 19.068812,3.25407593 Z M5.29862906,2.88207799 C5.8844155,2.29629155 6.83416297,2.29629155 7.41994941,2.88207799 C8.00573585,3.46786443 8.00573585,4.4176119 7.41994941,5.00339833 L5.29862906,7.12471868 C4.71284263,7.71050512 3.76309516,7.71050512 3.17730872,7.12471868 C2.59152228,6.53893224 2.59152228,5.58918477 3.17730872,5.00339833 L5.29862906,2.88207799 Z\" fill=\"#000000\" opacity=\"0.3\"><\/path> <path d=\"M11.9630156,7.5 L12.0475062,7.5 C12.3043819,7.5 12.5194647,7.69464724 12.5450248,7.95024814 L13,12.5 L16.2480695,14.3560397 C16.403857,14.4450611 16.5,14.6107328 16.5,14.7901613 L16.5,15 C16.5,15.2109164 16.3290185,15.3818979 16.1181021,15.3818979 C16.0841582,15.3818979 16.0503659,15.3773725 16.0176181,15.3684413 L11.3986612,14.1087258 C11.1672824,14.0456225 11.0132986,13.8271186 11.0316926,13.5879956 L11.4644883,7.96165175 C11.4845267,7.70115317 11.7017474,7.5 11.9630156,7.5 Z\" id=\"Path-107\" fill=\"#000000\"><\/path> <\/g> <\/svg><\/div><span class=\"text-heading-default\">Haftai\u00e7i: 09.00-18.00<\/span><\/div><div class=\"pix-feature-list text-18 justify-content-start font-weight-bold  secondary-font   py-2 d-flex align-items-center\" ><div class=\"pix-mr-10 text-primary\" style=\"width:1.5em;min-width:1.5em;height:1.5em;min-width:1.5em;position:relative;line-height:1em;text-align:center;\"><svg width=\"100%\" height=\"100%\" viewBox=\"0 0 24 24\" version=\"1.1\" xmlns=\"http:\/\/www.w3.org\/2000\/svg\" xmlns:xlink=\"http:\/\/www.w3.org\/1999\/xlink\"> <defs><\/defs> <g stroke=\"none\" stroke-width=\"1\" fill=\"none\" fill-rule=\"evenodd\"> <path d=\"M7.14319965,19.3575259 C7.67122143,19.7615175 8.25104409,20.1012165 8.87097532,20.3649307 L7.89205065,22.0604779 C7.61590828,22.5387706 7.00431787,22.7026457 6.52602525,22.4265033 C6.04773263,22.150361 5.88385747,21.5387706 6.15999985,21.0604779 L7.14319965,19.3575259 Z M15.1367085,20.3616573 C15.756345,20.0972995 16.3358198,19.7569961 16.8634386,19.3524415 L17.8320512,21.0301278 C18.1081936,21.5084204 17.9443184,22.1200108 17.4660258,22.3961532 C16.9877332,22.6722956 16.3761428,22.5084204 16.1000004,22.0301278 L15.1367085,20.3616573 Z\" fill=\"#000000\"><\/path> <path d=\"M12,21 C7.581722,21 4,17.418278 4,13 C4,8.581722 7.581722,5 12,5 C16.418278,5 20,8.581722 20,13 C20,17.418278 16.418278,21 12,21 Z M19.068812,3.25407593 L20.8181344,5.00339833 C21.4039208,5.58918477 21.4039208,6.53893224 20.8181344,7.12471868 C20.2323479,7.71050512 19.2826005,7.71050512 18.696814,7.12471868 L16.9474916,5.37539627 C16.3617052,4.78960984 16.3617052,3.83986237 16.9474916,3.25407593 C17.5332781,2.66828949 18.4830255,2.66828949 19.068812,3.25407593 Z M5.29862906,2.88207799 C5.8844155,2.29629155 6.83416297,2.29629155 7.41994941,2.88207799 C8.00573585,3.46786443 8.00573585,4.4176119 7.41994941,5.00339833 L5.29862906,7.12471868 C4.71284263,7.71050512 3.76309516,7.71050512 3.17730872,7.12471868 C2.59152228,6.53893224 2.59152228,5.58918477 3.17730872,5.00339833 L5.29862906,2.88207799 Z\" fill=\"#000000\" opacity=\"0.3\"><\/path> <path d=\"M11.9630156,7.5 L12.0475062,7.5 C12.3043819,7.5 12.5194647,7.69464724 12.5450248,7.95024814 L13,12.5 L16.2480695,14.3560397 C16.403857,14.4450611 16.5,14.6107328 16.5,14.7901613 L16.5,15 C16.5,15.2109164 16.3290185,15.3818979 16.1181021,15.3818979 C16.0841582,15.3818979 16.0503659,15.3773725 16.0176181,15.3684413 L11.3986612,14.1087258 C11.1672824,14.0456225 11.0132986,13.8271186 11.0316926,13.5879956 L11.4644883,7.96165175 C11.4845267,7.70115317 11.7017474,7.5 11.9630156,7.5 Z\" id=\"Path-107\" fill=\"#000000\"><\/path> <\/g> <\/svg><\/div><span class=\"text-heading-default\">Cumartesi 09.00-14.00<\/span><\/div><div class=\"pix-feature-list text-18 justify-content-start font-weight-bold  secondary-font   py-2 d-flex align-items-center\" ><div class=\"pix-mr-10 text-primary\" style=\"width:1.5em;min-width:1.5em;height:1.5em;min-width:1.5em;position:relative;line-height:1em;text-align:center;\"><svg width=\"100%\" height=\"100%\" viewBox=\"0 0 24 24\" version=\"1.1\" xmlns=\"http:\/\/www.w3.org\/2000\/svg\" xmlns:xlink=\"http:\/\/www.w3.org\/1999\/xlink\"> <defs><\/defs> <g stroke=\"none\" stroke-width=\"1\" fill=\"none\" fill-rule=\"evenodd\"> <path d=\"M11.575,21.2 C6.175,21.2 2.85,17.4 2.85,12.575 C2.85,6.875 7.375,3.05 12.525,3.05 C17.45,3.05 21.125,6.075 21.125,10.85 C21.125,15.2 18.825,16.925 16.525,16.925 C15.4,16.925 14.475,16.4 14.075,15.65 C13.3,16.4 12.125,16.875 11,16.875 C8.25,16.875 6.85,14.925 6.85,12.575 C6.85,9.55 9.05,7.1 12.275,7.1 C13.2,7.1 13.95,7.35 14.525,7.775 L14.625,7.35 L17,7.35 L15.825,12.85 C15.6,13.95 15.85,14.825 16.925,14.825 C18.25,14.825 19.025,13.725 19.025,10.8 C19.025,6.9 15.95,5.075 12.5,5.075 C8.625,5.075 5.05,7.75 5.05,12.575 C5.05,16.525 7.575,19.1 11.575,19.1 C13.075,19.1 14.625,18.775 15.975,18.075 L16.8,20.1 C15.25,20.8 13.2,21.2 11.575,21.2 Z M11.4,14.525 C12.05,14.525 12.7,14.35 13.225,13.825 L14.025,10.125 C13.575,9.65 12.925,9.425 12.3,9.425 C10.65,9.425 9.45,10.7 9.45,12.375 C9.45,13.675 10.075,14.525 11.4,14.525 Z\" fill=\"#000000\"><\/path> <\/g> <\/svg><\/div><span class=\"text-heading-default\">agroida.com.tr<\/span><\/div><\/div><\/div><div class=\"pix-content-box card      vc_custom_1638152214758    rounded-10 bg- w-100 overflow-hidden \"   ><div class=\"scene scene-over\"><\/div><div class=\"\" style=\"z-index:30;position:relative;\">[vc_gmaps link=&#8221;#E-8_JTNDaWZyYW1lJTIwc3JjJTNEJTIyaHR0cHMlM0ElMkYlMkZ3d3cuZ29vZ2xlLmNvbSUyRm1hcHMlMkZlbWJlZCUzRnBiJTNEJTIxMW0xNCUyMTFtOCUyMTFtMyUyMTFkMzQ0LjU0OTY3MDAyMjY4NTElMjEyZDI2LjQ2ODUzOTYyNjM1ODQ0JTIxM2Q0MC4xNDM4NTI4NDExOTc4NyUyMTNtMiUyMTFpMTAyNCUyMTJpNzY4JTIxNGYxMy4xJTIxM20zJTIxMW0yJTIxMXMweDE0YjEwN2YyMTY4MzQ4NjMlMjUzQTB4YmViYWQyNjVjMzMxNGU1JTIxMnNhZ3JvaWRhJTIxNWUwJTIxM20yJTIxMXN0ciUyMTJzdHIlMjE0djE3Mzk1MTUxODczMzIlMjE1bTIlMjExc3RyJTIxMnN0ciUyMiUyMHdpZHRoJTNEJTIyNjAwJTIyJTIwaGVpZ2h0JTNEJTIyNDUwJTIyJTIwc3R5bGUlM0QlMjJib3JkZXIlM0EwJTNCJTIyJTIwYWxsb3dmdWxsc2NyZWVuJTNEJTIyJTIyJTIwbG9hZGluZyUzRCUyMmxhenklMjIlMjByZWZlcnJlcnBvbGljeSUzRCUyMm5vLXJlZmVycmVyLXdoZW4tZG93bmdyYWRlJTIyJTNFJTNDJTJGaWZyYW1lJTNF&#8221; size=&#8221;&#8221; css=&#8221;.vc_custom_1739515203704{margin-bottom: 0px !important;}&#8221;]<\/div><\/div>[\/vc_column][vc_column css=&#8221;.vc_custom_1646264583983{padding-top: 15px !important;padding-bottom: 15px !important;}&#8221; offset=&#8221;vc_col-md-6&#8243;]<div  class=\"pix-heading-el text-left  vc_custom_1739305424264\"><div><div class=\"slide-in-container2\"><h5 class=\"text-heading-default font-weight-bold animate-in heading-text el-title_custom_color mb-12\" style=\"\" data-anim-type=\"fade-in-up\" data-anim-delay=\"200\">Sizi aramam\u0131z\u0131 istiyorsan\u0131z formu doldurun.<\/h5><\/div><\/div><\/div><div class=\"pix-el-text w-100   vc_custom_1739274702465\" ><div class=\"d-inline-block\" style=\"max-width:350px;\"><p class=\"text-18  text-body-default  \" ><span class=\"text-body-default animate-in d-inline-block\" data-anim-delay=\"300\" data-anim-type=\"fade-in-up\">Ziraat m\u00fchendislerimizden bilgi almak istiyorsan\u0131z kay\u0131t olu\u015fturabilirsiniz.<\/span><\/p><\/div><\/div>\n<div class=\"wpcf7 no-js\" id=\"wpcf7-f36016-o1\" lang=\"tr-TR\" dir=\"ltr\" data-wpcf7-id=\"36016\">\n<div class=\"screen-reader-response\"><p role=\"status\" aria-live=\"polite\" aria-atomic=\"true\"><\/p> <ul><\/ul><\/div>\n<form action=\"\/index.php\/wp-json\/wp\/v2\/pages\/4426#wpcf7-f36016-o1\" method=\"post\" class=\"wpcf7-form init\" aria-label=\"\u0130leti\u015fim Formu\" novalidate=\"novalidate\" data-status=\"init\">\n<fieldset class=\"hidden-fields-container\"><input type=\"hidden\" name=\"_wpcf7\" value=\"36016\" \/><input type=\"hidden\" name=\"_wpcf7_version\" value=\"6.1.5\" \/><input type=\"hidden\" name=\"_wpcf7_locale\" value=\"tr_TR\" \/><input type=\"hidden\" name=\"_wpcf7_unit_tag\" value=\"wpcf7-f36016-o1\" \/><input type=\"hidden\" name=\"_wpcf7_container_post\" value=\"0\" \/><input type=\"hidden\" name=\"_wpcf7_posted_data_hash\" value=\"\" \/>\n<\/fieldset>\n<div class=\"pix-contact7-form\"><p><label> Ad\u0131n\u0131z<br \/>\n<span class=\"wpcf7-form-control-wrap\" data-name=\"your-name\"><input size=\"40\" maxlength=\"400\" class=\"wpcf7-form-control wpcf7-text wpcf7-validates-as-required\" autocomplete=\"name\" aria-required=\"true\" aria-invalid=\"false\" value=\"\" type=\"text\" name=\"your-name\" \/><\/span> <\/label>\n<\/p>\n<p><label> Soyad\u0131n\u0131z<br \/>\n<span class=\"wpcf7-form-control-wrap\" data-name=\"your-email\"><input size=\"40\" maxlength=\"400\" class=\"wpcf7-form-control wpcf7-email wpcf7-validates-as-required wpcf7-text wpcf7-validates-as-email\" autocomplete=\"email\" aria-required=\"true\" aria-invalid=\"false\" value=\"\" type=\"email\" name=\"your-email\" \/><\/span> <\/label>\n<\/p>\n<p><label> \u0130leti\u015fim Numaran\u0131z<br \/>\n<span class=\"wpcf7-form-control-wrap\" data-name=\"your-subject\"><input size=\"40\" maxlength=\"400\" class=\"wpcf7-form-control wpcf7-text wpcf7-validates-as-required\" aria-required=\"true\" aria-invalid=\"false\" value=\"\" type=\"text\" name=\"your-subject\" \/><\/span> <\/label>\n<\/p>\n<p><label> \u0130letiniz (tercihe ba\u011fl\u0131)<br \/>\n<span class=\"wpcf7-form-control-wrap\" data-name=\"your-message\"><textarea cols=\"40\" rows=\"10\" maxlength=\"2000\" class=\"wpcf7-form-control wpcf7-textarea\" aria-invalid=\"false\" name=\"your-message\"><\/textarea><\/span> <\/label>\n<\/p>\n<p><input class=\"wpcf7-form-control wpcf7-submit has-spinner\" type=\"submit\" value=\"G\u00f6nder\" \/>\n<\/p><\/div><div class=\"wpcf7-response-output\" aria-hidden=\"true\"><\/div>\n<\/form>\n<\/div>\n[\/vc_column][vc_column css=&#8221;.vc_custom_1651631855177{padding-top: 15px !important;padding-bottom: 15px !important;}&#8221; offset=&#8221;vc_col-lg-3&#8243;]<div class=\"pix-content-box card   sticky-top pix-sticky-top-adjust   vc_custom_1651631331442    rounded-lg bg- w-100  \"   ><div class=\"\" style=\"z-index:30;position:relative;\"><div class=\"pix-el-text w-100   vc_custom_1739304380518\" ><div class=\"d-inline-block\" style=\"max-width:350px;\"><p class=\"text-18  text-body-default  \" ><span class=\"text-body-default animate-in d-inline-block\" data-anim-delay=\"300\" data-anim-type=\"fade-in-up\"><\/span><\/p><\/div><\/div><div class=\"d-block w-100 text-left\"><a  href=\"#\" class=\"btn mb-2     btn-gray-1 d-inline-block pix-hover-item      btn-rounded animate-in pix-btn-div btn-md\"   data-anim-type=\"fade-in-up\" data-anim-delay=\"400\" ><i class=\"font-weight-bold pixicon-user-circle-1  pix-hover-left  mr-1\"><\/i> <span class=\"font-weight-bold \" >\u00dcr\u00fcnlerimiz<\/span><\/a><\/div><div class=\"d-block w-100 text-left\"><a  href=\"#\" class=\"btn mb-2     text-heading-default btn-gray-1 d-inline-block pix-hover-item      btn-rounded animate-in pix-btn-div btn-md\"   data-anim-type=\"fade-in-up\" data-anim-delay=\"400\" ><i class=\"font-weight-bold pixicon-book-1  pix-hover-left  mr-1\"><\/i> <span class=\"font-weight-bold \" >Bitki Besleme Programlar\u0131<\/span><\/a><\/div><div class=\"d-block w-100 text-left\"><a  href=\"#\" class=\"btn mb-2     text-heading-default btn-gray-1 d-inline-block pix-hover-item      btn-rounded animate-in pix-btn-div btn-md\"   data-anim-type=\"fade-in-up\" data-anim-delay=\"400\" ><i class=\"font-weight-bold pixicon-tv-1  pix-hover-left  mr-1\"><\/i> <span class=\"font-weight-bold \" >\u0130da Medya<\/span><\/a><\/div><div class=\"d-block w-100 text-left\"><a  href=\"#\" class=\"btn mb-2     text-heading-default btn-gray-1 d-inline-block pix-hover-item      btn-rounded animate-in pix-btn-div btn-md\"   data-anim-type=\"fade-in-up\" data-anim-delay=\"400\" ><i class=\"font-weight-bold pixicon-card  pix-hover-left  mr-1\"><\/i> <span class=\"font-weight-bold \" >Sipari\u015f<\/span><\/a><\/div><\/div><\/div>[\/vc_column][\/vc_row][\/vc_section][vc_section full_width=&#8221;stretch_row&#8221; pix_over_visibility=&#8221;&#8221; pix_overlay_color=&#8221;primary&#8221; responsive_css=&#8221;{&#8220;pix_res_sm_pt&#8220;:&#8220;60&#8220;,&#8220;pix_res_sm_pb&#8220;:&#8220;60&#8220;,&#8220;pix_res_md_pt&#8220;:&#8220;60&#8220;,&#8220;pix_res_md_pb&#8220;:&#8220;60&#8220;}&#8221; css=&#8221;.vc_custom_1646264708733{padding-top: 80px !important;padding-bottom: 80px !important;}&#8221; pix_overlay_opacity=&#8221;1&#8243;][vc_row full_width=&#8221;stretch_row&#8221; pix_particles_check=&#8221;&#8221;][vc_column content_align=&#8221;text-center&#8221;]<div id=\"el1644535566755-3e5289b9-9e71\" class=\"mb-3 text-center  vc_custom_1739304609279\"><div class=\"d-inline-block\" style=\"max-width:650px;\"><h1 class=\"mb-32 pix-sliding-headline-2 animate-in font-weight-bold secondary-font \" data-anim-type=\"pix-sliding-text\" pix-anim-delay=\"500\" data-class=\"secondary-font text-white\" style=\"\"><span class=\"slide-in-container \"><span class=\"pix-sliding-item secondary-font text-white\" style=\"transition-delay: 0ms;\">Bizi&#32;<\/span><\/span> <span class=\"slide-in-container \"><span class=\"pix-sliding-item secondary-font text-white\" style=\"transition-delay: 50ms;\">Takip&#32;<\/span><\/span> <span class=\"slide-in-container \"><span class=\"pix-sliding-item secondary-font text-white\" style=\"transition-delay: 100ms;\">Edin!&#32;<\/span><\/span> <\/h1><\/div><\/div><div class=\"pix-el-text w-100 text-center  vc_custom_1739304628161\" ><div class=\"d-inline-block\" style=\"max-width:600px;\"><p class=\"text-18  text-dark-opacity-6 text-center \" ><span class=\"text-dark-opacity-6 animate-in d-inline-block\" data-anim-delay=\"200\" data-anim-type=\"fade-in-up\">\u00c7al\u0131\u015fmalar\u0131m\u0131zdan haberdar olmak i\u00e7in bizi takip edin.<\/span><\/p><\/div><\/div><div class=\"text-white text-center pix-social-icons font-weight-bold d-inline-block w-100 \" style=\"font-size:60px;\"><a target=\"_blank\" href=\"#https:\/\/www.facebook.com\/idatarim?locale=tr_TR\" aria-label=\"pixicon-facebook3\" class=\"text-white animate-in d-inline-block fly-sm  px-4\" data-anim-type=\"pix-3d-right-in\" data-anim-delay=\"400\"><i class=\"pixicon-facebook3\" style=\"\"><\/i><\/a><a target=\"_blank\" href=\"#https:\/\/www.youtube.com\/c\/AGRO%C4%B0DA\" aria-label=\"pixicon-youtube\" class=\"text-white animate-in d-inline-block fly-sm  px-4\" data-anim-type=\"pix-3d-right-in\" data-anim-delay=\"500\"><i class=\"pixicon-youtube\" style=\"\"><\/i><\/a><a target=\"_blank\" href=\"#https:\/\/www.instagram.com\/agroida\/\" aria-label=\"pixicon-instagram2\" class=\"text-white animate-in d-inline-block fly-sm  px-4\" data-anim-type=\"pix-3d-right-in\" data-anim-delay=\"600\"><i class=\"pixicon-instagram2\" style=\"\"><\/i><\/a><\/div>[\/vc_column][\/vc_row][\/vc_section]<\/p>\n<\/section>","protected":false},"excerpt":{"rendered":"[vc_section full_width=&#8221;stretch_row&#8221; pix_over_visibility=&#8221;&#8221; responsive_css=&#8221;{&#8220;pix_res_sm_pt&#8220;:&#8220;20&#8220;,&#8220;pix_res_sm_pb&#8220;:&#8220;20&#8220;,&#8220;pix_res_md_pt&#8220;:&#8220;30&#8220;,&#8220;pix_res_md_pb&#8220;:&#8220;30&#8220;}&#8221; css=&#8221;.vc_custom_1648590772494{padding-top: 60px !important;padding-bottom: 60px !important;}&#8221;][vc_row full_width=&#8221;stretch_row&#8221; pix_particles_check=&#8221;&#8221;][vc_column css=&#8221;.vc_custom_1651694932657{padding-top: 10px !important;}&#8221;][\/vc_column][\/vc_row][vc_row equal_height=&#8221;yes&#8221; content_placement=&#8221;middle&#8221; pix_particles_check=&#8221;&#8221; css=&#8221;.vc_custom_1636752698230{padding-top: 40px !important;}&#8221;][vc_column css=&#8221;.vc_custom_1646264566353{padding-top: 15px !important;padding-bottom: 15px !important;}&#8221; offset=&#8221;vc_col-lg-3 vc_col-md-6&#8243;][\/vc_column][vc_column css=&#8221;.vc_custom_1646264583983{padding-top: 15px !important;padding-bottom: 15px !important;}&#8221; offset=&#8221;vc_col-md-6&#8243;][\/vc_column][vc_column css=&#8221;.vc_custom_1651631855177{padding-top: 15px !important;padding-bottom: 15px !important;}&#8221; offset=&#8221;vc_col-lg-3&#8243;][\/vc_column][\/vc_row][\/vc_section][vc_section full_width=&#8221;stretch_row&#8221;&#8230;","protected":false},"author":1,"featured_media":0,"parent":0,"menu_order":0,"comment_status":"closed","ping_status":"closed","template":"","meta":{"footnotes":""},"class_list":["post-4426","page","type-page","status-publish","hentry"],"jetpack_sharing_enabled":true,"_links":{"self":[{"href":"https:\/\/www.agroida.com.tr\/index.php\/wp-json\/wp\/v2\/pages\/4426","targetHints":{"allow":["GET"]}}],"collection":[{"href":"https:\/\/www.agroida.com.tr\/index.php\/wp-json\/wp\/v2\/pages"}],"about":[{"href":"https:\/\/www.agroida.com.tr\/index.php\/wp-json\/wp\/v2\/types\/page"}],"author":[{"embeddable":true,"href":"https:\/\/www.agroida.com.tr\/index.php\/wp-json\/wp\/v2\/users\/1"}],"replies":[{"embeddable":true,"href":"https:\/\/www.agroida.com.tr\/index.php\/wp-json\/wp\/v2\/comments?post=4426"}],"version-history":[{"count":14,"href":"https:\/\/www.agroida.com.tr\/index.php\/wp-json\/wp\/v2\/pages\/4426\/revisions"}],"predecessor-version":[{"id":36147,"href":"https:\/\/www.agroida.com.tr\/index.php\/wp-json\/wp\/v2\/pages\/4426\/revisions\/36147"}],"wp:attachment":[{"href":"https:\/\/www.agroida.com.tr\/index.php\/wp-json\/wp\/v2\/media?parent=4426"}],"curies":[{"name":"wp","href":"https:\/\/api.w.org\/{rel}","templated":true}]}}